{"id":35,"date":"2021-05-27T11:46:23","date_gmt":"2021-05-27T09:46:23","guid":{"rendered":"https:\/\/mindyourownbusiness.nu\/?page_id=35"},"modified":"2024-01-23T11:11:14","modified_gmt":"2024-01-23T10:11:14","slug":"kontakt","status":"publish","type":"page","link":"https:\/\/mindyourownbusiness.nu\/index.php\/kontakt\/","title":{"rendered":"Kontakt"},"content":{"rendered":"\n<p>Det som ofta h\u00e5ller oss tillbaka p\u00e5 v\u00e4gen till framg\u00e5ng har ofta ingenting att g\u00f6ra med kompetens eller ekonomi. Det som h\u00e5ller oss tillbaka har att g\u00f6ra med v\u00e5rt tankes\u00e4tt. Hur du t\u00e4nker och agerar avg\u00f6r till stor del din framtid. <\/p>\n\n\n\n<p>Att komma i kontakt med ditt inre jag g\u00f6r dig lyckligare och mer medveten.&nbsp;<\/p>\n","protected":false},"excerpt":{"rendered":"<p>Det som ofta h\u00e5ller oss tillbaka p\u00e5 v\u00e4gen till framg\u00e5ng har ofta ingenting att g\u00f6ra med kompetens eller ekonomi. Det som h\u00e5ller oss tillbaka har att g\u00f6ra med v\u00e5rt tankes\u00e4tt. Hur du t\u00e4nker och agerar avg\u00f6r till stor del din framtid. Att komma i kontakt med ditt inre jag g\u00f6r dig lyckligare och mer medveten.&nbsp;<\/p>\n","protected":false},"author":2,"featured_media":0,"parent":0,"menu_order":0,"comment_status":"closed","ping_status":"closed","template":"","meta":{"footnotes":""},"class_list":["post-35","page","type-page","status-publish","hentry"],"yoast_head":"<!-- This site is optimized with the Yoast SEO plugin v27.3 - https:\/\/yoast.com\/product\/yoast-seo-wordpress\/ -->\n<title>Kontakt - MIND YOUR OWN BUSINESS<\/title>\n<meta name=\"robots\" content=\"index, follow, max-snippet:-1, max-image-preview:large, max-video-preview:-1\" \/>\n<link rel=\"canonical\" href=\"https:\/\/mindyourownbusiness.nu\/index.php\/kontakt\/\" \/>\n<meta property=\"og:locale\" content=\"sv_SE\" \/>\n<meta property=\"og:type\" content=\"article\" \/>\n<meta property=\"og:title\" content=\"Kontakt - MIND YOUR OWN BUSINESS\" \/>\n<meta property=\"og:description\" content=\"Det som ofta h\u00e5ller oss tillbaka p\u00e5 v\u00e4gen till framg\u00e5ng har ofta ingenting att g\u00f6ra med kompetens eller ekonomi. Det som h\u00e5ller oss tillbaka har att g\u00f6ra med v\u00e5rt tankes\u00e4tt. Hur du t\u00e4nker och agerar avg\u00f6r till stor del din framtid. Att komma i kontakt med ditt inre jag g\u00f6r dig lyckligare och mer medveten.&nbsp;\" \/>\n<meta property=\"og:url\" content=\"https:\/\/mindyourownbusiness.nu\/index.php\/kontakt\/\" \/>\n<meta property=\"og:site_name\" content=\"MIND YOUR OWN BUSINESS\" \/>\n<meta property=\"article:modified_time\" content=\"2024-01-23T10:11:14+00:00\" \/>\n<meta name=\"twitter:card\" content=\"summary_large_image\" \/>\n<meta name=\"twitter:label1\" content=\"Ber\u00e4knad l\u00e4stid\" \/>\n\t<meta name=\"twitter:data1\" content=\"1 minut\" \/>\n<script type=\"application\/ld+json\" class=\"yoast-schema-graph\">{\"@context\":\"https:\\\/\\\/schema.org\",\"@graph\":[{\"@type\":\"WebPage\",\"@id\":\"https:\\\/\\\/mindyourownbusiness.nu\\\/index.php\\\/kontakt\\\/\",\"url\":\"https:\\\/\\\/mindyourownbusiness.nu\\\/index.php\\\/kontakt\\\/\",\"name\":\"Kontakt - MIND YOUR OWN BUSINESS\",\"isPartOf\":{\"@id\":\"https:\\\/\\\/mindyourownbusiness.nu\\\/#website\"},\"datePublished\":\"2021-05-27T09:46:23+00:00\",\"dateModified\":\"2024-01-23T10:11:14+00:00\",\"breadcrumb\":{\"@id\":\"https:\\\/\\\/mindyourownbusiness.nu\\\/index.php\\\/kontakt\\\/#breadcrumb\"},\"inLanguage\":\"sv-SE\",\"potentialAction\":[{\"@type\":\"ReadAction\",\"target\":[\"https:\\\/\\\/mindyourownbusiness.nu\\\/index.php\\\/kontakt\\\/\"]}]},{\"@type\":\"BreadcrumbList\",\"@id\":\"https:\\\/\\\/mindyourownbusiness.nu\\\/index.php\\\/kontakt\\\/#breadcrumb\",\"itemListElement\":[{\"@type\":\"ListItem\",\"position\":1,\"name\":\"Hem\",\"item\":\"https:\\\/\\\/mindyourownbusiness.nu\\\/\"},{\"@type\":\"ListItem\",\"position\":2,\"name\":\"Kontakt\"}]},{\"@type\":\"WebSite\",\"@id\":\"https:\\\/\\\/mindyourownbusiness.nu\\\/#website\",\"url\":\"https:\\\/\\\/mindyourownbusiness.nu\\\/\",\"name\":\"MIND YOUR OWN BUSINESS\",\"description\":\"\",\"publisher\":{\"@id\":\"https:\\\/\\\/mindyourownbusiness.nu\\\/#organization\"},\"potentialAction\":[{\"@type\":\"SearchAction\",\"target\":{\"@type\":\"EntryPoint\",\"urlTemplate\":\"https:\\\/\\\/mindyourownbusiness.nu\\\/?s={search_term_string}\"},\"query-input\":{\"@type\":\"PropertyValueSpecification\",\"valueRequired\":true,\"valueName\":\"search_term_string\"}}],\"inLanguage\":\"sv-SE\"},{\"@type\":\"Organization\",\"@id\":\"https:\\\/\\\/mindyourownbusiness.nu\\\/#organization\",\"name\":\"MIND YOUR OWN BUSINESS\",\"url\":\"https:\\\/\\\/mindyourownbusiness.nu\\\/\",\"logo\":{\"@type\":\"ImageObject\",\"inLanguage\":\"sv-SE\",\"@id\":\"https:\\\/\\\/mindyourownbusiness.nu\\\/#\\\/schema\\\/logo\\\/image\\\/\",\"url\":\"https:\\\/\\\/mindyourownbusiness.nu\\\/wp-content\\\/uploads\\\/2021\\\/05\\\/myob.png\",\"contentUrl\":\"https:\\\/\\\/mindyourownbusiness.nu\\\/wp-content\\\/uploads\\\/2021\\\/05\\\/myob.png\",\"width\":979,\"height\":961,\"caption\":\"MIND YOUR OWN BUSINESS\"},\"image\":{\"@id\":\"https:\\\/\\\/mindyourownbusiness.nu\\\/#\\\/schema\\\/logo\\\/image\\\/\"}}]}<\/script>\n<!-- \/ Yoast SEO plugin. -->","yoast_head_json":{"title":"Kontakt - MIND YOUR OWN BUSINESS","robots":{"index":"index","follow":"follow","max-snippet":"max-snippet:-1","max-image-preview":"max-image-preview:large","max-video-preview":"max-video-preview:-1"},"canonical":"https:\/\/mindyourownbusiness.nu\/index.php\/kontakt\/","og_locale":"sv_SE","og_type":"article","og_title":"Kontakt - MIND YOUR OWN BUSINESS","og_description":"Det som ofta h\u00e5ller oss tillbaka p\u00e5 v\u00e4gen till framg\u00e5ng har ofta ingenting att g\u00f6ra med kompetens eller ekonomi. Det som h\u00e5ller oss tillbaka har att g\u00f6ra med v\u00e5rt tankes\u00e4tt. Hur du t\u00e4nker och agerar avg\u00f6r till stor del din framtid. Att komma i kontakt med ditt inre jag g\u00f6r dig lyckligare och mer medveten.&nbsp;","og_url":"https:\/\/mindyourownbusiness.nu\/index.php\/kontakt\/","og_site_name":"MIND YOUR OWN BUSINESS","article_modified_time":"2024-01-23T10:11:14+00:00","twitter_card":"summary_large_image","twitter_misc":{"Ber\u00e4knad l\u00e4stid":"1 minut"},"schema":{"@context":"https:\/\/schema.org","@graph":[{"@type":"WebPage","@id":"https:\/\/mindyourownbusiness.nu\/index.php\/kontakt\/","url":"https:\/\/mindyourownbusiness.nu\/index.php\/kontakt\/","name":"Kontakt - MIND YOUR OWN BUSINESS","isPartOf":{"@id":"https:\/\/mindyourownbusiness.nu\/#website"},"datePublished":"2021-05-27T09:46:23+00:00","dateModified":"2024-01-23T10:11:14+00:00","breadcrumb":{"@id":"https:\/\/mindyourownbusiness.nu\/index.php\/kontakt\/#breadcrumb"},"inLanguage":"sv-SE","potentialAction":[{"@type":"ReadAction","target":["https:\/\/mindyourownbusiness.nu\/index.php\/kontakt\/"]}]},{"@type":"BreadcrumbList","@id":"https:\/\/mindyourownbusiness.nu\/index.php\/kontakt\/#breadcrumb","itemListElement":[{"@type":"ListItem","position":1,"name":"Hem","item":"https:\/\/mindyourownbusiness.nu\/"},{"@type":"ListItem","position":2,"name":"Kontakt"}]},{"@type":"WebSite","@id":"https:\/\/mindyourownbusiness.nu\/#website","url":"https:\/\/mindyourownbusiness.nu\/","name":"MIND YOUR OWN BUSINESS","description":"","publisher":{"@id":"https:\/\/mindyourownbusiness.nu\/#organization"},"potentialAction":[{"@type":"SearchAction","target":{"@type":"EntryPoint","urlTemplate":"https:\/\/mindyourownbusiness.nu\/?s={search_term_string}"},"query-input":{"@type":"PropertyValueSpecification","valueRequired":true,"valueName":"search_term_string"}}],"inLanguage":"sv-SE"},{"@type":"Organization","@id":"https:\/\/mindyourownbusiness.nu\/#organization","name":"MIND YOUR OWN BUSINESS","url":"https:\/\/mindyourownbusiness.nu\/","logo":{"@type":"ImageObject","inLanguage":"sv-SE","@id":"https:\/\/mindyourownbusiness.nu\/#\/schema\/logo\/image\/","url":"https:\/\/mindyourownbusiness.nu\/wp-content\/uploads\/2021\/05\/myob.png","contentUrl":"https:\/\/mindyourownbusiness.nu\/wp-content\/uploads\/2021\/05\/myob.png","width":979,"height":961,"caption":"MIND YOUR OWN BUSINESS"},"image":{"@id":"https:\/\/mindyourownbusiness.nu\/#\/schema\/logo\/image\/"}}]}},"jetpack_sharing_enabled":true,"_links":{"self":[{"href":"https:\/\/mindyourownbusiness.nu\/index.php\/wp-json\/wp\/v2\/pages\/35","targetHints":{"allow":["GET"]}}],"collection":[{"href":"https:\/\/mindyourownbusiness.nu\/index.php\/wp-json\/wp\/v2\/pages"}],"about":[{"href":"https:\/\/mindyourownbusiness.nu\/index.php\/wp-json\/wp\/v2\/types\/page"}],"author":[{"embeddable":true,"href":"https:\/\/mindyourownbusiness.nu\/index.php\/wp-json\/wp\/v2\/users\/2"}],"replies":[{"embeddable":true,"href":"https:\/\/mindyourownbusiness.nu\/index.php\/wp-json\/wp\/v2\/comments?post=35"}],"version-history":[{"count":3,"href":"https:\/\/mindyourownbusiness.nu\/index.php\/wp-json\/wp\/v2\/pages\/35\/revisions"}],"predecessor-version":[{"id":401,"href":"https:\/\/mindyourownbusiness.nu\/index.php\/wp-json\/wp\/v2\/pages\/35\/revisions\/401"}],"wp:attachment":[{"href":"https:\/\/mindyourownbusiness.nu\/index.php\/wp-json\/wp\/v2\/media?parent=35"}],"curies":[{"name":"wp","href":"https:\/\/api.w.org\/{rel}","templated":true}]}}